{"id":348,"date":"2026-01-07T21:20:53","date_gmt":"2026-01-07T20:20:53","guid":{"rendered":"https:\/\/mireval-cest-vous.fr\/?page_id=348"},"modified":"2026-01-20T09:15:18","modified_gmt":"2026-01-20T08:15:18","slug":"nous-soutenir","status":"publish","type":"page","link":"http:\/\/mireval-cest-vous.fr\/index.php\/nous-soutenir\/","title":{"rendered":"Nous soutenir"},"content":{"rendered":"\t\t<div data-elementor-type=\"wp-page\" data-elementor-id=\"348\" class=\"elementor elementor-348\">\n\t\t\t\t<div class=\"elementor-element elementor-element-37af7f8 e-flex e-con-boxed wpr-particle-no wpr-jarallax-no wpr-parallax-no wpr-sticky-section-no e-con e-parent\" data-id=\"37af7f8\" data-element_type=\"container\" data-settings=\"{&quot;background_background&quot;:&quot;classic&quot;}\">\n\t\t\t\t\t<div class=\"e-con-inner\">\n\t\t\t\t<div class=\"elementor-element elementor-element-ec9564b elementor-widget elementor-widget-heading\" data-id=\"ec9564b\" data-element_type=\"widget\" data-widget_type=\"heading.default\">\n\t\t\t\t\t<h2 class=\"elementor-heading-title elementor-size-default\">Nous soutenir<\/h2>\t\t\t\t<\/div>\n\t\t\t\t\t<\/div>\n\t\t\t\t<\/div>\n\t\t<div class=\"elementor-element elementor-element-abc408e e-flex e-con-boxed wpr-particle-no wpr-jarallax-no wpr-parallax-no wpr-sticky-section-no e-con e-parent\" data-id=\"abc408e\" data-element_type=\"container\">\n\t\t\t\t\t<div class=\"e-con-inner\">\n\t\t\t\t<div class=\"elementor-element elementor-element-46eb760 elementor-widget elementor-widget-spacer\" data-id=\"46eb760\" data-element_type=\"widget\" data-widget_type=\"spacer.default\">\n\t\t\t\t\t\t\t<div class=\"elementor-spacer\">\n\t\t\t<div class=\"elementor-spacer-inner\"><\/div>\n\t\t<\/div>\n\t\t\t\t\t\t<\/div>\n\t\t\t\t\t<\/div>\n\t\t\t\t<\/div>\n\t\t<div class=\"elementor-element elementor-element-0e74de0 e-flex e-con-boxed wpr-particle-no wpr-jarallax-no wpr-parallax-no wpr-sticky-section-no e-con e-parent\" data-id=\"0e74de0\" data-element_type=\"container\">\n\t\t\t\t\t<div class=\"e-con-inner\">\n\t\t\t\t<div class=\"elementor-element elementor-element-a87e5e6 elementor-widget elementor-widget-text-editor\" data-id=\"a87e5e6\" data-element_type=\"widget\" data-widget_type=\"text-editor.default\">\n\t\t\t\t\t\t\t\t\t<p data-start=\"751\" data-end=\"927\">La campagne municipale repose sur l\u2019engagement de femmes et d\u2019hommes b\u00e9n\u00e9voles, mais aussi sur le soutien financier de celles et ceux qui partagent notre projet pour Mireval.<\/p><p data-start=\"934\" data-end=\"1055\">Si vous souhaitez nous soutenir, vous pouvez le faire de mani\u00e8re simple et transparente, selon le mode qui vous convient.<\/p>\t\t\t\t\t\t\t\t<\/div>\n\t\t\t\t\t<\/div>\n\t\t\t\t<\/div>\n\t\t<div class=\"elementor-element elementor-element-08cbb93 e-flex e-con-boxed wpr-particle-no wpr-jarallax-no wpr-parallax-no wpr-sticky-section-no e-con e-parent\" data-id=\"08cbb93\" data-element_type=\"container\">\n\t\t\t\t\t<div class=\"e-con-inner\">\n\t\t\t\t<div class=\"elementor-element elementor-element-579dff4 elementor-widget elementor-widget-spacer\" data-id=\"579dff4\" data-element_type=\"widget\" data-widget_type=\"spacer.default\">\n\t\t\t\t\t\t\t<div class=\"elementor-spacer\">\n\t\t\t<div class=\"elementor-spacer-inner\"><\/div>\n\t\t<\/div>\n\t\t\t\t\t\t<\/div>\n\t\t\t\t\t<\/div>\n\t\t\t\t<\/div>\n\t\t<div class=\"elementor-element elementor-element-2ad2653 e-flex e-con-boxed wpr-particle-no wpr-jarallax-no wpr-parallax-no wpr-sticky-section-no e-con e-parent\" data-id=\"2ad2653\" data-element_type=\"container\">\n\t\t\t\t\t<div class=\"e-con-inner\">\n\t\t<div class=\"elementor-element elementor-element-971e6c4 e-con-full e-flex wpr-particle-no wpr-jarallax-no wpr-parallax-no wpr-sticky-section-no e-con e-child\" data-id=\"971e6c4\" data-element_type=\"container\">\n\t\t\t\t<div class=\"elementor-element elementor-element-d631da3 elementor-widget elementor-widget-heading\" data-id=\"d631da3\" data-element_type=\"widget\" data-widget_type=\"heading.default\">\n\t\t\t\t\t<h2 class=\"elementor-heading-title elementor-size-default\">Don par ch\u00e8que<\/h2>\t\t\t\t<\/div>\n\t\t\t\t<div class=\"elementor-element elementor-element-995bafa elementor-widget elementor-widget-text-editor\" data-id=\"995bafa\" data-element_type=\"widget\" data-widget_type=\"text-editor.default\">\n\t\t\t\t\t\t\t\t\t<p data-start=\"1120\" data-end=\"1219\">Vous pouvez effectuer un don par ch\u00e8que, \u00e0 l\u2019ordre de :<br data-start=\"1175\" data-end=\"1178\" \/><strong data-start=\"1180\" data-end=\"1217\">Association Mireval, c\u2019est Vous !<\/strong><\/p><p data-start=\"1120\" data-end=\"1219\">Adresse :<br data-start=\"1238\" data-end=\"1241\" \/>2 rue Anatole France<br data-start=\"1263\" data-end=\"1266\" \/>34110 Mireval<\/p>\t\t\t\t\t\t\t\t<\/div>\n\t\t\t\t<\/div>\n\t\t<div class=\"elementor-element elementor-element-75ea6e5 e-con-full e-flex wpr-particle-no wpr-jarallax-no wpr-parallax-no wpr-sticky-section-no e-con e-child\" data-id=\"75ea6e5\" data-element_type=\"container\">\n\t\t\t\t<div class=\"elementor-element elementor-element-22bb817 elementor-widget elementor-widget-heading\" data-id=\"22bb817\" data-element_type=\"widget\" data-widget_type=\"heading.default\">\n\t\t\t\t\t<h2 class=\"elementor-heading-title elementor-size-default\">Don par virement<\/h2>\t\t\t\t<\/div>\n\t\t\t\t<div class=\"elementor-element elementor-element-ae927be elementor-widget elementor-widget-text-editor\" data-id=\"ae927be\" data-element_type=\"widget\" data-widget_type=\"text-editor.default\">\n\t\t\t\t\t\t\t\t\t<p>Les dons par virement seront mis en place tr\u00e8s prochainement.<\/p>\t\t\t\t\t\t\t\t<\/div>\n\t\t\t\t<\/div>\n\t\t\t\t\t<\/div>\n\t\t\t\t<\/div>\n\t\t<div class=\"elementor-element elementor-element-adba363 elementor-hidden-desktop elementor-hidden-tablet elementor-hidden-mobile e-flex e-con-boxed wpr-particle-no wpr-jarallax-no wpr-parallax-no wpr-sticky-section-no e-con e-parent\" data-id=\"adba363\" data-element_type=\"container\">\n\t\t\t\t\t<div class=\"e-con-inner\">\n\t\t<div class=\"elementor-element elementor-element-b02930d e-con-full e-flex wpr-particle-no wpr-jarallax-no wpr-parallax-no wpr-sticky-section-no e-con e-child\" data-id=\"b02930d\" data-element_type=\"container\">\n\t\t\t\t<div class=\"elementor-element elementor-element-263f279 elementor-widget elementor-widget-heading\" data-id=\"263f279\" data-element_type=\"widget\" data-widget_type=\"heading.default\">\n\t\t\t\t\t<h2 class=\"elementor-heading-title elementor-size-default\">Don par ch\u00e8que<\/h2>\t\t\t\t<\/div>\n\t\t\t\t<div class=\"elementor-element elementor-element-03a16fe elementor-widget elementor-widget-text-editor\" data-id=\"03a16fe\" data-element_type=\"widget\" data-widget_type=\"text-editor.default\">\n\t\t\t\t\t\t\t\t\t<p data-start=\"1120\" data-end=\"1219\">Vous pouvez effectuer un don par ch\u00e8que, \u00e0 l\u2019ordre de :<br data-start=\"1175\" data-end=\"1178\" \/><strong data-start=\"1180\" data-end=\"1217\">Association Mireval, c\u2019est Vous !<\/strong><\/p><p data-start=\"1120\" data-end=\"1219\">Adresse :<br data-start=\"1238\" data-end=\"1241\" \/>2 rue Anatole France<br data-start=\"1263\" data-end=\"1266\" \/>34110 Mireval<\/p>\t\t\t\t\t\t\t\t<\/div>\n\t\t\t\t<\/div>\n\t\t<div class=\"elementor-element elementor-element-0ec4033 e-con-full e-flex wpr-particle-no wpr-jarallax-no wpr-parallax-no wpr-sticky-section-no e-con e-child\" data-id=\"0ec4033\" data-element_type=\"container\">\n\t\t\t\t<div class=\"elementor-element elementor-element-f9445e4 elementor-widget elementor-widget-heading\" data-id=\"f9445e4\" data-element_type=\"widget\" data-widget_type=\"heading.default\">\n\t\t\t\t\t<h2 class=\"elementor-heading-title elementor-size-default\">Don par virement<\/h2>\t\t\t\t<\/div>\n\t\t\t\t<div class=\"elementor-element elementor-element-4918c92 elementor-widget elementor-widget-text-editor\" data-id=\"4918c92\" data-element_type=\"widget\" data-widget_type=\"text-editor.default\">\n\t\t\t\t\t\t\t\t\t<p>Pour plus de simplicit\u00e9, vous pouvez \u00e9galement effectuer un don en ligne, de mani\u00e8re s\u00e9curis\u00e9e, via la plateforme HelloAsso.<\/p>\t\t\t\t\t\t\t\t<\/div>\n\t\t\t\t<div class=\"elementor-element elementor-element-7922bb8 elementor-align-center elementor-widget elementor-widget-button\" data-id=\"7922bb8\" data-element_type=\"widget\" data-widget_type=\"button.default\">\n\t\t\t\t\t\t\t\t\t\t<a class=\"elementor-button elementor-button-link elementor-size-sm\" href=\"#\">\n\t\t\t\t\t\t<span class=\"elementor-button-content-wrapper\">\n\t\t\t\t\t\t\t\t\t<span class=\"elementor-button-text\">Cliquez ici<\/span>\n\t\t\t\t\t<\/span>\n\t\t\t\t\t<\/a>\n\t\t\t\t\t\t\t\t<\/div>\n\t\t\t\t<\/div>\n\t\t\t\t\t<\/div>\n\t\t\t\t<\/div>\n\t\t<div class=\"elementor-element elementor-element-db5a925 e-flex e-con-boxed wpr-particle-no wpr-jarallax-no wpr-parallax-no wpr-sticky-section-no e-con e-parent\" data-id=\"db5a925\" data-element_type=\"container\">\n\t\t\t\t\t<div class=\"e-con-inner\">\n\t\t\t\t<div class=\"elementor-element elementor-element-e110b66 elementor-widget elementor-widget-spacer\" data-id=\"e110b66\" data-element_type=\"widget\" data-widget_type=\"spacer.default\">\n\t\t\t\t\t\t\t<div class=\"elementor-spacer\">\n\t\t\t<div class=\"elementor-spacer-inner\"><\/div>\n\t\t<\/div>\n\t\t\t\t\t\t<\/div>\n\t\t\t\t\t<\/div>\n\t\t\t\t<\/div>\n\t\t<div class=\"elementor-element elementor-element-2d8d5c8 e-flex e-con-boxed wpr-particle-no wpr-jarallax-no wpr-parallax-no wpr-sticky-section-no e-con e-parent\" data-id=\"2d8d5c8\" data-element_type=\"container\">\n\t\t\t\t\t<div class=\"e-con-inner\">\n\t\t\t\t<div class=\"elementor-element elementor-element-71ed743 elementor-widget elementor-widget-text-editor\" data-id=\"71ed743\" data-element_type=\"widget\" data-widget_type=\"text-editor.default\">\n\t\t\t\t\t\t\t\t\t<p data-start=\"1714\" data-end=\"1907\">Les dons aux associations de financement \u00e9lectoral ouvrent droit \u00e0 une r\u00e9duction d\u2019imp\u00f4t de <strong data-start=\"1806\" data-end=\"1814\">66 %<\/strong>, dans la limite de <strong data-start=\"1834\" data-end=\"1862\">20 % du revenu imposable<\/strong>, conform\u00e9ment \u00e0 la l\u00e9gislation en vigueur.<\/p><p data-start=\"1914\" data-end=\"1947\">Un re\u00e7u fiscal vous sera d\u00e9livr\u00e9.<\/p>\t\t\t\t\t\t\t\t<\/div>\n\t\t\t\t\t<\/div>\n\t\t\t\t<\/div>\n\t\t<div class=\"elementor-element elementor-element-8665cd4 e-flex e-con-boxed wpr-particle-no wpr-jarallax-no wpr-parallax-no wpr-sticky-section-no e-con e-parent\" data-id=\"8665cd4\" data-element_type=\"container\">\n\t\t\t\t\t<div class=\"e-con-inner\">\n\t\t\t\t<div class=\"elementor-element elementor-element-24f238c elementor-widget elementor-widget-spacer\" data-id=\"24f238c\" data-element_type=\"widget\" data-widget_type=\"spacer.default\">\n\t\t\t\t\t\t\t<div class=\"elementor-spacer\">\n\t\t\t<div class=\"elementor-spacer-inner\"><\/div>\n\t\t<\/div>\n\t\t\t\t\t\t<\/div>\n\t\t\t\t\t<\/div>\n\t\t\t\t<\/div>\n\t\t<div class=\"elementor-element elementor-element-aea8d2c e-flex e-con-boxed wpr-particle-no wpr-jarallax-no wpr-parallax-no wpr-sticky-section-no e-con e-parent\" data-id=\"aea8d2c\" data-element_type=\"container\">\n\t\t\t\t\t<div class=\"e-con-inner\">\n\t\t\t\t<div class=\"elementor-element elementor-element-87f0c9f wpr-stt-btn-align-fixed wpr-stt-btn-align-fixed-right elementor-widget elementor-widget-wpr-back-to-top\" data-id=\"87f0c9f\" data-element_type=\"widget\" data-widget_type=\"wpr-back-to-top.default\">\n\t\t\t\t\t<div class=\"wpr-stt-wrapper\"><div class='wpr-stt-btn' data-settings='{&quot;animation&quot;:&quot;fade&quot;,&quot;animationOffset&quot;:&quot;0&quot;,&quot;animationDuration&quot;:&quot;200&quot;,&quot;fixed&quot;:&quot;fixed&quot;,&quot;scrolAnim&quot;:&quot;800&quot;}'><span class=\"wpr-stt-icon\"><svg class=\"e-font-icon-svg e-fas-chevron-up\" viewBox=\"0 0 448 512\" xmlns=\"http:\/\/www.w3.org\/2000\/svg\"><path d=\"M240.971 130.524l194.343 194.343c9.373 9.373 9.373 24.569 0 33.941l-22.667 22.667c-9.357 9.357-24.522 9.375-33.901.04L224 227.495 69.255 381.516c-9.379 9.335-24.544 9.317-33.901-.04l-22.667-22.667c-9.373-9.373-9.373-24.569 0-33.941L207.03 130.525c9.372-9.373 24.568-9.373 33.941-.001z\"><\/path><\/svg><\/span><\/div><\/div>\t\t\t\t<\/div>\n\t\t\t\t\t<\/div>\n\t\t\t\t<\/div>\n\t\t\t\t<\/div>\n\t\t","protected":false},"excerpt":{"rendered":"<p>Nous soutenir La campagne municipale repose sur l\u2019engagement de femmes et d\u2019hommes b\u00e9n\u00e9voles, mais aussi sur le soutien financier de celles et ceux qui partagent notre projet pour Mireval. Si vous souhaitez nous soutenir, vous pouvez le faire de mani\u00e8re simple et transparente, selon le mode qui vous convient. Don par ch\u00e8que Vous pouvez effectuer un don par ch\u00e8que, \u00e0 l\u2019ordre de :Association Mireval, c\u2019est Vous ! Adresse :2 rue Anatole France34110 Mireval Don par virement Les dons par virement seront mis en place tr\u00e8s prochainement. Don par ch\u00e8que Vous pouvez effectuer un don par ch\u00e8que, \u00e0 l\u2019ordre de :Association Mireval, c\u2019est Vous ! Adresse :2 rue Anatole France34110 Mireval Don par virement Pour plus de simplicit\u00e9, vous pouvez \u00e9galement effectuer un don en ligne, de mani\u00e8re s\u00e9curis\u00e9e, via la plateforme HelloAsso. Cliquez ici Les dons aux associations de financement \u00e9lectoral ouvrent droit \u00e0 une r\u00e9duction d\u2019imp\u00f4t de 66 %, dans la limite de 20 % du revenu imposable, conform\u00e9ment \u00e0 la l\u00e9gislation en vigueur. Un re\u00e7u fiscal vous sera d\u00e9livr\u00e9.<\/p>\n","protected":false},"author":1,"featured_media":0,"parent":0,"menu_order":0,"comment_status":"closed","ping_status":"closed","template":"","meta":{"footnotes":""},"class_list":["post-348","page","type-page","status-publish","hentry"],"_links":{"self":[{"href":"http:\/\/mireval-cest-vous.fr\/index.php\/wp-json\/wp\/v2\/pages\/348","targetHints":{"allow":["GET"]}}],"collection":[{"href":"http:\/\/mireval-cest-vous.fr\/index.php\/wp-json\/wp\/v2\/pages"}],"about":[{"href":"http:\/\/mireval-cest-vous.fr\/index.php\/wp-json\/wp\/v2\/types\/page"}],"author":[{"embeddable":true,"href":"http:\/\/mireval-cest-vous.fr\/index.php\/wp-json\/wp\/v2\/users\/1"}],"replies":[{"embeddable":true,"href":"http:\/\/mireval-cest-vous.fr\/index.php\/wp-json\/wp\/v2\/comments?post=348"}],"version-history":[{"count":37,"href":"http:\/\/mireval-cest-vous.fr\/index.php\/wp-json\/wp\/v2\/pages\/348\/revisions"}],"predecessor-version":[{"id":1050,"href":"http:\/\/mireval-cest-vous.fr\/index.php\/wp-json\/wp\/v2\/pages\/348\/revisions\/1050"}],"wp:attachment":[{"href":"http:\/\/mireval-cest-vous.fr\/index.php\/wp-json\/wp\/v2\/media?parent=348"}],"curies":[{"name":"wp","href":"https:\/\/api.w.org\/{rel}","templated":true}]}}