{"id":9,"date":"2026-01-03T17:08:19","date_gmt":"2026-01-03T17:08:19","guid":{"rendered":"http:\/\/mireval-cest-vous.fr\/?page_id=9"},"modified":"2026-03-17T23:24:51","modified_gmt":"2026-03-17T22:24:51","slug":"accueil","status":"publish","type":"page","link":"http:\/\/mireval-cest-vous.fr\/","title":{"rendered":"Accueil"},"content":{"rendered":"\t\t<div data-elementor-type=\"wp-page\" data-elementor-id=\"9\" class=\"elementor elementor-9\">\n\t\t\t\t<div class=\"elementor-element elementor-element-98b3341 e-flex e-con-boxed wpr-particle-no wpr-jarallax-no wpr-parallax-no wpr-sticky-section-no e-con e-parent\" data-id=\"98b3341\" data-element_type=\"container\" data-settings=\"{&quot;background_background&quot;:&quot;classic&quot;}\">\n\t\t\t\t\t<div class=\"e-con-inner\">\n\t\t\t\t<div class=\"elementor-element elementor-element-98f62be elementor-widget elementor-widget-heading\" data-id=\"98f62be\" data-element_type=\"widget\" data-widget_type=\"heading.default\">\n\t\t\t\t\t<h1 class=\"elementor-heading-title elementor-size-default\">Ensemble, faisons vivre Mireval<\/h1>\t\t\t\t<\/div>\n\t\t\t\t\t<\/div>\n\t\t\t\t<\/div>\n\t\t<div class=\"elementor-element elementor-element-3440888 e-flex e-con-boxed wpr-particle-no wpr-jarallax-no wpr-parallax-no wpr-sticky-section-no e-con e-parent\" data-id=\"3440888\" data-element_type=\"container\">\n\t\t\t\t\t<div class=\"e-con-inner\">\n\t\t\t\t<div class=\"elementor-element elementor-element-d898076 elementor-widget elementor-widget-spacer\" data-id=\"d898076\" data-element_type=\"widget\" data-widget_type=\"spacer.default\">\n\t\t\t\t\t\t\t<div class=\"elementor-spacer\">\n\t\t\t<div class=\"elementor-spacer-inner\"><\/div>\n\t\t<\/div>\n\t\t\t\t\t\t<\/div>\n\t\t\t\t\t<\/div>\n\t\t\t\t<\/div>\n\t\t<div class=\"elementor-element elementor-element-2da01db e-flex e-con-boxed wpr-particle-no wpr-jarallax-no wpr-parallax-no wpr-sticky-section-no e-con e-parent\" data-id=\"2da01db\" data-element_type=\"container\">\n\t\t\t\t\t<div class=\"e-con-inner\">\n\t\t<div class=\"elementor-element elementor-element-9a5772f e-con-full e-flex wpr-particle-no wpr-jarallax-no wpr-parallax-no wpr-sticky-section-no e-con e-child\" data-id=\"9a5772f\" data-element_type=\"container\">\n\t\t\t\t<div class=\"elementor-element elementor-element-32a29df elementor-widget elementor-widget-image\" data-id=\"32a29df\" data-element_type=\"widget\" data-widget_type=\"image.default\">\n\t\t\t\t\t\t\t\t\t\t\t\t\t\t\t<img fetchpriority=\"high\" decoding=\"async\" width=\"768\" height=\"1024\" src=\"http:\/\/mireval-cest-vous.fr\/wp-content\/uploads\/2026\/02\/cadre-jf-768x1024.webp\" class=\"attachment-large size-large wp-image-1323\" alt=\"\" srcset=\"http:\/\/mireval-cest-vous.fr\/wp-content\/uploads\/2026\/02\/cadre-jf-768x1024.webp 768w, http:\/\/mireval-cest-vous.fr\/wp-content\/uploads\/2026\/02\/cadre-jf-225x300.webp 225w, http:\/\/mireval-cest-vous.fr\/wp-content\/uploads\/2026\/02\/cadre-jf-1152x1536.webp 1152w, http:\/\/mireval-cest-vous.fr\/wp-content\/uploads\/2026\/02\/cadre-jf-scaled.webp 1440w\" sizes=\"(max-width: 768px) 100vw, 768px\" \/>\t\t\t\t\t\t\t\t\t\t\t\t\t\t\t<\/div>\n\t\t\t\t<\/div>\n\t\t<div class=\"elementor-element elementor-element-be26450 e-con-full e-flex wpr-particle-no wpr-jarallax-no wpr-parallax-no wpr-sticky-section-no e-con e-child\" data-id=\"be26450\" data-element_type=\"container\">\n\t\t\t\t<div class=\"elementor-element elementor-element-c52706e elementor-widget elementor-widget-heading\" data-id=\"c52706e\" data-element_type=\"widget\" data-widget_type=\"heading.default\">\n\t\t\t\t\t<h2 class=\"elementor-heading-title elementor-size-default\">Ch\u00e8res Mirevalaises, chers Mirevalais,<\/h2>\t\t\t\t<\/div>\n\t\t\t\t<div class=\"elementor-element elementor-element-2d76e6a elementor-widget elementor-widget-heading\" data-id=\"2d76e6a\" data-element_type=\"widget\" data-widget_type=\"heading.default\">\n\t\t\t\t\t<h2 class=\"elementor-heading-title elementor-size-default\">Il est temps de d\u00e9cider de l\u2019avenir que nous souhaitons construire ensemble pour Mireval.<\/h2>\t\t\t\t<\/div>\n\t\t\t\t<div class=\"elementor-element elementor-element-72e89c7 elementor-widget elementor-widget-text-editor\" data-id=\"72e89c7\" data-element_type=\"widget\" data-widget_type=\"text-editor.default\">\n\t\t\t\t\t\t\t\t\t<p style=\"font-weight: 400;\">Les 15 et 22 mars prochains, notre village sera appel\u00e9 \u00e0 \u00e9crire une nouvelle page de son histoire \u00e0 l\u2019occasion des \u00e9lections municipales. Ce rendez-vous d\u00e9mocratique est avant tout un temps de r\u00e9flexion et de partage et il vous appartient.<\/p><p style=\"font-weight: 400;\">Gr\u00e2ce \u00e0 une \u00e9quipe r\u00e9unissant des femmes et des hommes aux profils compl\u00e9mentaires mais profond\u00e9ment attach\u00e9s \u00e0 leur commune, nous vous proposons une d\u00e9marche ouverte, ind\u00e9pendante de toute \u00e9tiquette et r\u00e9solument citoyenne.<\/p><p style=\"font-weight: 400;\">Dans le respect des valeurs r\u00e9publicaines, notre ambition est de rassembler, d\u2019\u00e9couter et de b\u00e2tir ensemble une commune plus solidaire, plus attentive et plus harmonieuse, o\u00f9 chacun se sentira pleinement \u00e0 sa place.<\/p><p style=\"font-weight: 400;\">Avec sinc\u00e9rit\u00e9, humilit\u00e9 et d\u00e9termination, nous souhaitons mettre notre \u00e9nergie \u00e0 votre service pour \u00e9crire tous ensemble une histoire tourn\u00e9e vers l\u2019avenir puisque Mireval, c\u2019est Vous\u00a0!<\/p>\t\t\t\t\t\t\t\t<\/div>\n\t\t\t\t<div class=\"elementor-element elementor-element-ca86e21 elementor-widget elementor-widget-image\" data-id=\"ca86e21\" data-element_type=\"widget\" data-widget_type=\"image.default\">\n\t\t\t\t\t\t\t\t\t\t\t\t\t\t\t<img decoding=\"async\" width=\"800\" height=\"212\" src=\"http:\/\/mireval-cest-vous.fr\/wp-content\/uploads\/2026\/02\/signature-1024x271.jpeg\" class=\"attachment-large size-large wp-image-1322\" alt=\"\" srcset=\"http:\/\/mireval-cest-vous.fr\/wp-content\/uploads\/2026\/02\/signature-1024x271.jpeg 1024w, http:\/\/mireval-cest-vous.fr\/wp-content\/uploads\/2026\/02\/signature-300x80.jpeg 300w, http:\/\/mireval-cest-vous.fr\/wp-content\/uploads\/2026\/02\/signature-768x204.jpeg 768w, http:\/\/mireval-cest-vous.fr\/wp-content\/uploads\/2026\/02\/signature-1536x407.jpeg 1536w, http:\/\/mireval-cest-vous.fr\/wp-content\/uploads\/2026\/02\/signature-2048x543.jpeg 2048w, http:\/\/mireval-cest-vous.fr\/wp-content\/uploads\/2026\/02\/signature-scaled.webp 1920w\" sizes=\"(max-width: 800px) 100vw, 800px\" \/>\t\t\t\t\t\t\t\t\t\t\t\t\t\t\t<\/div>\n\t\t\t\t<\/div>\n\t\t\t\t\t<\/div>\n\t\t\t\t<\/div>\n\t\t<div class=\"elementor-element elementor-element-b36327d e-flex e-con-boxed wpr-particle-no wpr-jarallax-no wpr-parallax-no wpr-sticky-section-no e-con e-parent\" data-id=\"b36327d\" data-element_type=\"container\">\n\t\t\t\t\t<div class=\"e-con-inner\">\n\t\t\t\t<div class=\"elementor-element elementor-element-ae1068d elementor-widget elementor-widget-spacer\" data-id=\"ae1068d\" data-element_type=\"widget\" data-widget_type=\"spacer.default\">\n\t\t\t\t\t\t\t<div class=\"elementor-spacer\">\n\t\t\t<div class=\"elementor-spacer-inner\"><\/div>\n\t\t<\/div>\n\t\t\t\t\t\t<\/div>\n\t\t\t\t\t<\/div>\n\t\t\t\t<\/div>\n\t\t<div class=\"elementor-element elementor-element-07fde36 e-flex e-con-boxed wpr-particle-no wpr-jarallax-no wpr-parallax-no wpr-sticky-section-no e-con e-parent\" data-id=\"07fde36\" data-element_type=\"container\">\n\t\t\t\t\t<div class=\"e-con-inner\">\n\t\t\t\t<div class=\"elementor-element elementor-element-b244eb5 elementor-align-center elementor-widget elementor-widget-button\" data-id=\"b244eb5\" data-element_type=\"widget\" data-widget_type=\"button.default\">\n\t\t\t\t\t\t\t\t\t\t<a class=\"elementor-button elementor-button-link elementor-size-sm\" href=\"http:\/\/mireval-cest-vous.fr\/wp-content\/uploads\/2026\/02\/programme.pdf\" target=\"_blank\">\n\t\t\t\t\t\t<span class=\"elementor-button-content-wrapper\">\n\t\t\t\t\t\t\t\t\t<span class=\"elementor-button-text\">D\u00e9couvrez notre programme pour Mireval !<\/span>\n\t\t\t\t\t<\/span>\n\t\t\t\t\t<\/a>\n\t\t\t\t\t\t\t\t<\/div>\n\t\t\t\t\t<\/div>\n\t\t\t\t<\/div>\n\t\t<div class=\"elementor-element elementor-element-efdac07 elementor-hidden-desktop elementor-hidden-tablet elementor-hidden-mobile e-flex e-con-boxed wpr-particle-no wpr-jarallax-no wpr-parallax-no wpr-sticky-section-no e-con e-parent\" data-id=\"efdac07\" data-element_type=\"container\">\n\t\t\t\t\t<div class=\"e-con-inner\">\n\t\t\t\t<div class=\"elementor-element elementor-element-315d406 elementor-widget elementor-widget-heading\" data-id=\"315d406\" data-element_type=\"widget\" data-widget_type=\"heading.default\">\n\t\t\t\t\t<h2 class=\"elementor-heading-title elementor-size-default\">Votre avis est essentiel pour construire l\u2019avenir de Mireval.<\/h2>\t\t\t\t<\/div>\n\t\t\t\t<div class=\"elementor-element elementor-element-966daeb elementor-widget elementor-widget-spacer\" data-id=\"966daeb\" data-element_type=\"widget\" data-widget_type=\"spacer.default\">\n\t\t\t\t\t\t\t<div class=\"elementor-spacer\">\n\t\t\t<div class=\"elementor-spacer-inner\"><\/div>\n\t\t<\/div>\n\t\t\t\t\t\t<\/div>\n\t\t\t\t<div class=\"elementor-element elementor-element-bd2f837 elementor-align-center elementor-widget elementor-widget-button\" data-id=\"bd2f837\" data-element_type=\"widget\" data-widget_type=\"button.default\">\n\t\t\t\t\t\t\t\t\t\t<a class=\"elementor-button elementor-button-link elementor-size-sm\" href=\"https:\/\/docs.google.com\/forms\/d\/e\/1FAIpQLSdojSFhFkRHkSo-tCrmNhUaFmzCdQcmsNr0TBAofc9eg1YDZQ\/viewform?usp=dialog\" target=\"_blank\">\n\t\t\t\t\t\t<span class=\"elementor-button-content-wrapper\">\n\t\t\t\t\t\t\t\t\t<span class=\"elementor-button-text\">Cliquez ici pour acc\u00e9der au questionnaire<\/span>\n\t\t\t\t\t<\/span>\n\t\t\t\t\t<\/a>\n\t\t\t\t\t\t\t\t<\/div>\n\t\t\t\t<div class=\"elementor-element elementor-element-7ae0ba5 elementor-widget elementor-widget-spacer\" data-id=\"7ae0ba5\" data-element_type=\"widget\" data-widget_type=\"spacer.default\">\n\t\t\t\t\t\t\t<div class=\"elementor-spacer\">\n\t\t\t<div class=\"elementor-spacer-inner\"><\/div>\n\t\t<\/div>\n\t\t\t\t\t\t<\/div>\n\t\t\t\t<div class=\"elementor-element elementor-element-a751858 elementor-widget elementor-widget-text-editor\" data-id=\"a751858\" data-element_type=\"widget\" data-widget_type=\"text-editor.default\">\n\t\t\t\t\t\t\t\t\t<p>ou laissez-nous un message directement ci-dessous.<\/p>\t\t\t\t\t\t\t\t<\/div>\n\t\t\t\t\t<\/div>\n\t\t\t\t<\/div>\n\t\t<div class=\"elementor-element elementor-element-de4f7ad elementor-hidden-desktop elementor-hidden-tablet elementor-hidden-mobile e-flex e-con-boxed wpr-particle-no wpr-jarallax-no wpr-parallax-no wpr-sticky-section-no e-con e-parent\" data-id=\"de4f7ad\" data-element_type=\"container\">\n\t\t\t\t\t<div class=\"e-con-inner\">\n\t\t\t\t<div class=\"elementor-element elementor-element-2518784 wpr-step-type-number_text wpr-step-content-layout-vertical wpr-custom-styles-yes elementor-widget elementor-widget-wpr-form-builder\" data-id=\"2518784\" data-element_type=\"widget\" data-settings=\"{&quot;success_message&quot;:&quot;Message envoy\\u00e9 avec succ\\u00e8s !&quot;,&quot;error_message&quot;:&quot;Une erreur est survenue...&quot;,&quot;button_width&quot;:{&quot;unit&quot;:&quot;%&quot;,&quot;size&quot;:20,&quot;sizes&quot;:[]},&quot;button_width_mobile&quot;:{&quot;unit&quot;:&quot;px&quot;,&quot;size&quot;:35,&quot;sizes&quot;:[]},&quot;button_width_tablet&quot;:{&quot;unit&quot;:&quot;px&quot;,&quot;size&quot;:&quot;&quot;,&quot;sizes&quot;:[]},&quot;step_type&quot;:&quot;number_text&quot;,&quot;step_content_layout&quot;:&quot;vertical&quot;}\" data-widget_type=\"wpr-form-builder.default\">\n\t\t\t\t\t\t\t<form class=\"wpr-form\" method=\"post\" name=\"Formulaire\" page=\"Accueil\" page_id=\"9\" novalidate>\n\t\t\t<input type=\"hidden\" name=\"post_id\" value=\"9\"\/>\n\t\t\t<input type=\"hidden\" name=\"form_id\" value=\"2518784\"\/>\n\t\t\t<input type=\"hidden\" name=\"referer_title\" value=\"\" \/>\n\n\t\t\t<div class=\"wpr-step-wrap\"><\/div>\n\t\t\t<div class=\"wpr-form-fields-wrap wpr-labels-above\">\n\t\t\t\t\t\t\t\t\t<div class=\"wpr-form-field-type-email wpr-field-group wpr-column wpr-field-group-email elementor-repeater-item-3b8cb02 wpr-form-field-required\">\n\t\t\t\t\t\t\t\t\t\t\t\t\t\t<label for=\"form-field-email\" class=\"wpr-form-field-label\" data-alt-label=\"Votre mail\">\n\t\t\t\t\t\t\t\t\tVotre mail\t\t\t\t\t\t\t\t<\/label>\n\t\t\t\t\t\t\t<input size=\"1 \"type=\"email\" name=\"form_fields[email]\" id=\"form-field-email\" class=\"wpr-form-field  wpr-form-field-textual\" placeholder=\"mail@exemple.com\" required=\"required\" aria-required=\"true\">\t\t\t\t\t<\/div>\n\t\t\t\t\t\t\t\t\t<div class=\"wpr-form-field-type-textarea wpr-field-group wpr-column wpr-field-group-message elementor-repeater-item-5e0a77a\">\n\t\t\t\t\t\t\t\t\t\t\t\t\t\t<label for=\"form-field-message\" class=\"wpr-form-field-label\" data-alt-label=\"Votre Message\">\n\t\t\t\t\t\t\t\t\tVotre Message\t\t\t\t\t\t\t\t<\/label>\n\t\t\t\t\t\t\t<textarea class=\"wpr-form-field-textual wpr-form-field \" name=\"form_fields[message]\" id=\"form-field-message\" rows=\"7\" placeholder=\"\u00c9crivez ici votre message...\"><\/textarea>\t\t\t\t\t<\/div>\n\t\t\t\t<div class=\"wpr-field-group wpr-stp-btns-wrap wpr-column wpr-form-field-type-submit\" data-actions=\"[&quot;email&quot;]\" data-redirect-url=\"\" data-mailchimp-fields=\"{&quot;email_field&quot;:&quot;&quot;,&quot;first_name_field&quot;:&quot;&quot;,&quot;last_name_field&quot;:&quot;&quot;,&quot;address_field&quot;:&quot;&quot;,&quot;phone_field&quot;:&quot;&quot;,&quot;birthday_field&quot;:&quot;&quot;,&quot;group_id&quot;:&quot;&quot;}\" data-list-id=\"\">\t\t\t<button type=\"submit\" class=\"wpr-button\">\n\t\t\t\t<span >\n\t\t\t\t\t\t\t\t\t\t\t\t\t\t\t\t<span>Envoyer<\/span>\n\t\t\t\t\t\t\t\t\t\t\t\t\t\t<\/span>\t\n\t\t\t\t<div class=\"wpr-double-bounce wpr-loader-hidden\">\n\t\t\t\t\t<div class=\"wpr-child wpr-double-bounce1\"><\/div>\n\t\t\t\t\t<div class=\"wpr-child wpr-double-bounce2\"><\/div>\n\t\t\t\t<\/div>\n\t\t\t<\/button>\n\t\t<\/div>\t\t\t\t\n\t\t\t<\/div>\n\t\t<\/form>\n\t  \t\t\t\t<\/div>\n\t\t\t\t\t<\/div>\n\t\t\t\t<\/div>\n\t\t<div class=\"elementor-element elementor-element-ecffcb6 e-flex e-con-boxed wpr-particle-no wpr-jarallax-no wpr-parallax-no wpr-sticky-section-no e-con e-parent\" data-id=\"ecffcb6\" data-element_type=\"container\">\n\t\t\t\t\t<div class=\"e-con-inner\">\n\t\t\t\t<div class=\"elementor-element elementor-element-3799545 elementor-widget elementor-widget-spacer\" data-id=\"3799545\" data-element_type=\"widget\" data-widget_type=\"spacer.default\">\n\t\t\t\t\t\t\t<div class=\"elementor-spacer\">\n\t\t\t<div class=\"elementor-spacer-inner\"><\/div>\n\t\t<\/div>\n\t\t\t\t\t\t<\/div>\n\t\t\t\t\t<\/div>\n\t\t\t\t<\/div>\n\t\t<div class=\"elementor-element elementor-element-46643eb e-flex e-con-boxed wpr-particle-no wpr-jarallax-no wpr-parallax-no wpr-sticky-section-no e-con e-parent\" data-id=\"46643eb\" data-element_type=\"container\">\n\t\t\t\t\t<div class=\"e-con-inner\">\n\t\t\t\t<div class=\"elementor-element elementor-element-1096eea wpr-stt-btn-align-fixed wpr-stt-btn-align-fixed-right elementor-widget elementor-widget-wpr-back-to-top\" data-id=\"1096eea\" data-element_type=\"widget\" data-widget_type=\"wpr-back-to-top.default\">\n\t\t\t\t\t<div class=\"wpr-stt-wrapper\"><div class='wpr-stt-btn' data-settings='{&quot;animation&quot;:&quot;fade&quot;,&quot;animationOffset&quot;:&quot;0&quot;,&quot;animationDuration&quot;:&quot;200&quot;,&quot;fixed&quot;:&quot;fixed&quot;,&quot;scrolAnim&quot;:&quot;800&quot;}'><span class=\"wpr-stt-icon\"><svg class=\"e-font-icon-svg e-fas-chevron-up\" viewBox=\"0 0 448 512\" xmlns=\"http:\/\/www.w3.org\/2000\/svg\"><path d=\"M240.971 130.524l194.343 194.343c9.373 9.373 9.373 24.569 0 33.941l-22.667 22.667c-9.357 9.357-24.522 9.375-33.901.04L224 227.495 69.255 381.516c-9.379 9.335-24.544 9.317-33.901-.04l-22.667-22.667c-9.373-9.373-9.373-24.569 0-33.941L207.03 130.525c9.372-9.373 24.568-9.373 33.941-.001z\"><\/path><\/svg><\/span><\/div><\/div>\t\t\t\t<\/div>\n\t\t\t\t\t<\/div>\n\t\t\t\t<\/div>\n\t\t\t\t<\/div>\n\t\t","protected":false},"excerpt":{"rendered":"<p>Ensemble, faisons vivre Mireval Ch\u00e8res Mirevalaises, chers Mirevalais, Il est temps de d\u00e9cider de l\u2019avenir que nous souhaitons construire ensemble pour Mireval. Les 15 et 22 mars prochains, notre village sera appel\u00e9 \u00e0 \u00e9crire une nouvelle page de son histoire \u00e0 l\u2019occasion des \u00e9lections municipales. Ce rendez-vous d\u00e9mocratique est avant tout un temps de r\u00e9flexion et de partage et il vous appartient. Gr\u00e2ce \u00e0 une \u00e9quipe r\u00e9unissant des femmes et des hommes aux profils compl\u00e9mentaires mais profond\u00e9ment attach\u00e9s \u00e0 leur commune, nous vous proposons une d\u00e9marche ouverte, ind\u00e9pendante de toute \u00e9tiquette et r\u00e9solument citoyenne. Dans le respect des valeurs r\u00e9publicaines, notre ambition est de rassembler, d\u2019\u00e9couter et de b\u00e2tir ensemble une commune plus solidaire, plus attentive et plus harmonieuse, o\u00f9 chacun se sentira pleinement \u00e0 sa place. Avec sinc\u00e9rit\u00e9, humilit\u00e9 et d\u00e9termination, nous souhaitons mettre notre \u00e9nergie \u00e0 votre service pour \u00e9crire tous ensemble une histoire tourn\u00e9e vers l\u2019avenir puisque Mireval, c\u2019est Vous\u00a0! D\u00e9couvrez notre programme pour Mireval ! Votre avis est essentiel pour construire l\u2019avenir de Mireval. Cliquez ici pour acc\u00e9der au questionnaire ou laissez-nous un message directement ci-dessous. Votre mail Votre Message Envoyer<\/p>\n","protected":false},"author":1,"featured_media":0,"parent":0,"menu_order":0,"comment_status":"closed","ping_status":"closed","template":"","meta":{"footnotes":""},"class_list":["post-9","page","type-page","status-publish","hentry"],"_links":{"self":[{"href":"http:\/\/mireval-cest-vous.fr\/index.php\/wp-json\/wp\/v2\/pages\/9","targetHints":{"allow":["GET"]}}],"collection":[{"href":"http:\/\/mireval-cest-vous.fr\/index.php\/wp-json\/wp\/v2\/pages"}],"about":[{"href":"http:\/\/mireval-cest-vous.fr\/index.php\/wp-json\/wp\/v2\/types\/page"}],"author":[{"embeddable":true,"href":"http:\/\/mireval-cest-vous.fr\/index.php\/wp-json\/wp\/v2\/users\/1"}],"replies":[{"embeddable":true,"href":"http:\/\/mireval-cest-vous.fr\/index.php\/wp-json\/wp\/v2\/comments?post=9"}],"version-history":[{"count":152,"href":"http:\/\/mireval-cest-vous.fr\/index.php\/wp-json\/wp\/v2\/pages\/9\/revisions"}],"predecessor-version":[{"id":1581,"href":"http:\/\/mireval-cest-vous.fr\/index.php\/wp-json\/wp\/v2\/pages\/9\/revisions\/1581"}],"wp:attachment":[{"href":"http:\/\/mireval-cest-vous.fr\/index.php\/wp-json\/wp\/v2\/media?parent=9"}],"curies":[{"name":"wp","href":"https:\/\/api.w.org\/{rel}","templated":true}]}}